{"id":17,"date":"2023-12-30T15:30:25","date_gmt":"2023-12-30T18:30:25","guid":{"rendered":"https:\/\/lojanova.webjowassessoriati.com.br\/?post_type=product&#038;p=17"},"modified":"2023-12-30T16:47:43","modified_gmt":"2023-12-30T19:47:43","slug":"calca-jeans-azul-elastano","status":"publish","type":"product","link":"https:\/\/lojanova.webjowassessoriati.com.br\/?product=calca-jeans-azul-elastano","title":{"rendered":"Cal\u00e7a Jeans Azul Elastano"},"content":{"rendered":"<div class=\"\">\n<div class=\"vtex-flex-layout-0-x-flexRow vtex-flex-layout-0-x-flexRow--productmain\">\n<section class=\"vtex-store-components-3-x-container ph3 ph5-m ph2-xl mw9 center \">\n<div class=\"flex mt0 mb0 pt0 pb0 justify-start vtex-flex-layout-0-x-flexRowContent vtex-flex-layout-0-x-flexRowContent--productmain items-stretch w-100\">\n<div class=\"pr0 items-stretch vtex-flex-layout-0-x-stretchChildrenWidth flex\">\n<div class=\"vtex-flex-layout-0-x-flexCol ml0 mr0 pl0 pr0 flex flex-column h-100 w-100\">\n<div class=\"vtex-flex-layout-0-x-flexColChild pb0\">\n<div class=\"vtex-tab-layout-0-x-container vtex-tab-layout-0-x-container--producttabinfos\">\n<div class=\"vtex-tab-layout-0-x-contentContainer w-100\">\n<div class=\"vtex-tab-layout-0-x-contentItem w-100\">\n<div class=\"vtex-store-components-3-x-productDescriptionContainer\">\n<div class=\"vtex-store-components-3-x-productDescriptionText c-muted-1\">\n<div class=\"vtex-store-components-3-x-container relative\">\n<div class=\"vtex-store-components-3-x-content h-auto\">Cal\u00e7a feminina com modelagem skinny, confeccionada em jeans. A pe\u00e7a possui bolsos, c\u00f3s com passantes e fechamento em z\u00edper e bot\u00e3o.<\/div>\n<\/div>\n<\/div>\n<\/div>\n<\/div>\n<\/div>\n<\/div>\n<\/div>\n<\/div>\n<\/div>\n<\/div>\n<\/section>\n<\/div>\n<\/div>\n<div class=\"\"><\/div>\n","protected":false},"excerpt":{"rendered":"<div class=\"\">\n<div class=\"vtex-flex-layout-0-x-flexRow vtex-flex-layout-0-x-flexRow--productmain\">\n<section class=\"vtex-store-components-3-x-container ph3 ph5-m ph2-xl mw9 center \">\n<div class=\"flex mt0 mb0 pt0 pb0 justify-start vtex-flex-layout-0-x-flexRowContent vtex-flex-layout-0-x-flexRowContent--productmain items-stretch w-100\">\n<div class=\"pr0 items-stretch vtex-flex-layout-0-x-stretchChildrenWidth flex\">\n<div class=\"vtex-flex-layout-0-x-flexCol ml0 mr0 pl0 pr0 flex flex-column h-100 w-100\">\n<div class=\"vtex-flex-layout-0-x-flexColChild pb0\">\n<div class=\"vtex-tab-layout-0-x-container vtex-tab-layout-0-x-container--producttabinfos\">\n<div class=\"vtex-tab-layout-0-x-contentContainer w-100\">\n<div class=\"vtex-tab-layout-0-x-contentItem w-100\">\n<div class=\"vtex-store-components-3-x-productDescriptionContainer\">\n<div class=\"vtex-store-components-3-x-productDescriptionText c-muted-1\">\n<div class=\"vtex-store-components-3-x-container relative\">\n<div class=\"vtex-store-components-3-x-content h-auto\"><\/div>\n<\/div>\n<\/div>\n<\/div>\n<\/div>\n<\/div>\n<\/div>\n<\/div>\n<\/div>\n<\/div>\n<\/div>\n<\/section>\n<\/div>\n<\/div>\n<div class=\"\"><\/div>\n","protected":false},"featured_media":19,"comment_status":"open","ping_status":"closed","template":"","meta":[],"product_cat":[16],"product_tag":[19,18,20],"jetpack_sharing_enabled":true,"_links":{"self":[{"href":"https:\/\/lojanova.webjowassessoriati.com.br\/index.php?rest_route=\/wp\/v2\/product\/17"}],"collection":[{"href":"https:\/\/lojanova.webjowassessoriati.com.br\/index.php?rest_route=\/wp\/v2\/product"}],"about":[{"href":"https:\/\/lojanova.webjowassessoriati.com.br\/index.php?rest_route=\/wp\/v2\/types\/product"}],"replies":[{"embeddable":true,"href":"https:\/\/lojanova.webjowassessoriati.com.br\/index.php?rest_route=%2Fwp%2Fv2%2Fcomments&post=17"}],"wp:featuredmedia":[{"embeddable":true,"href":"https:\/\/lojanova.webjowassessoriati.com.br\/index.php?rest_route=\/wp\/v2\/media\/19"}],"wp:attachment":[{"href":"https:\/\/lojanova.webjowassessoriati.com.br\/index.php?rest_route=%2Fwp%2Fv2%2Fmedia&parent=17"}],"wp:term":[{"taxonomy":"product_cat","embeddable":true,"href":"https:\/\/lojanova.webjowassessoriati.com.br\/index.php?rest_route=%2Fwp%2Fv2%2Fproduct_cat&post=17"},{"taxonomy":"product_tag","embeddable":true,"href":"https:\/\/lojanova.webjowassessoriati.com.br\/index.php?rest_route=%2Fwp%2Fv2%2Fproduct_tag&post=17"}],"curies":[{"name":"wp","href":"https:\/\/api.w.org\/{rel}","templated":true}]}}