{"id":35,"date":"2023-12-30T16:49:46","date_gmt":"2023-12-30T19:49:46","guid":{"rendered":"https:\/\/lojanova.webjowassessoriati.com.br\/?post_type=product&#038;p=35"},"modified":"2023-12-30T16:53:54","modified_gmt":"2023-12-30T19:53:54","slug":"jaqueta-jeans-feminina-curta","status":"publish","type":"product","link":"https:\/\/lojanova.webjowassessoriati.com.br\/?product=jaqueta-jeans-feminina-curta","title":{"rendered":"Jaqueta Jeans Feminina Curta"},"content":{"rendered":"<p>JAQUETA FEMININA JEANS CURTO Produto produzido com Jeans 100% Algod\u00e3o, Lavagem Moderna, \u00d3timo Acabamento e Caimento no Corpo, elaborado para combinar loock diversos para v\u00e1rias ocasi\u00f5es dispon\u00edveis no tamanho.<\/p>\n","protected":false},"excerpt":{"rendered":"<p>JAQUETA FEMININA JEANS CURTO Produto produzido com Jeans 100% Algod\u00e3o, Lavagem Moderna, \u00d3timo Acabamento e Caimento no Corpo, elaborado para combinar loock diversos para v\u00e1rias ocasi\u00f5es dispon\u00edveis no tamanho.<\/p>\n","protected":false},"featured_media":34,"comment_status":"open","ping_status":"closed","template":"","meta":[],"product_cat":[25],"product_tag":[28,27,26],"jetpack_sharing_enabled":true,"_links":{"self":[{"href":"https:\/\/lojanova.webjowassessoriati.com.br\/index.php?rest_route=\/wp\/v2\/product\/35"}],"collection":[{"href":"https:\/\/lojanova.webjowassessoriati.com.br\/index.php?rest_route=\/wp\/v2\/product"}],"about":[{"href":"https:\/\/lojanova.webjowassessoriati.com.br\/index.php?rest_route=\/wp\/v2\/types\/product"}],"replies":[{"embeddable":true,"href":"https:\/\/lojanova.webjowassessoriati.com.br\/index.php?rest_route=%2Fwp%2Fv2%2Fcomments&post=35"}],"wp:featuredmedia":[{"embeddable":true,"href":"https:\/\/lojanova.webjowassessoriati.com.br\/index.php?rest_route=\/wp\/v2\/media\/34"}],"wp:attachment":[{"href":"https:\/\/lojanova.webjowassessoriati.com.br\/index.php?rest_route=%2Fwp%2Fv2%2Fmedia&parent=35"}],"wp:term":[{"taxonomy":"product_cat","embeddable":true,"href":"https:\/\/lojanova.webjowassessoriati.com.br\/index.php?rest_route=%2Fwp%2Fv2%2Fproduct_cat&post=35"},{"taxonomy":"product_tag","embeddable":true,"href":"https:\/\/lojanova.webjowassessoriati.com.br\/index.php?rest_route=%2Fwp%2Fv2%2Fproduct_tag&post=35"}],"curies":[{"name":"wp","href":"https:\/\/api.w.org\/{rel}","templated":true}]}}