{"id":46,"date":"2023-12-30T17:09:22","date_gmt":"2023-12-30T20:09:22","guid":{"rendered":"https:\/\/lojanova.webjowassessoriati.com.br\/?post_type=product&#038;p=46"},"modified":"2024-01-17T16:58:50","modified_gmt":"2024-01-17T19:58:50","slug":"camiseta-flame-basica-decote-v-marrom-medio","status":"publish","type":"product","link":"https:\/\/lojanova.webjowassessoriati.com.br\/?product=camiseta-flame-basica-decote-v-marrom-medio","title":{"rendered":"Camiseta flam\u00ea b\u00e1sica decote v marrom m\u00e9dio"},"content":{"rendered":"<p>Camiseta confeccionada em malha flam\u00ea de algod\u00e3o. A pe\u00e7a possui decote em V com acabamento simples, mangas curtas e caimento reto levemente acinturado. B\u00c1SICOS Os nossos B\u00e1sicos s\u00e3o os queridinhos do guarda-roupa, pois oferecem versatilidade na hora de se vestir. Do look despojado para um passeio no parque ou aquela reuni\u00e3o importante no trabalho, nossas pe\u00e7as b\u00e1sicas n\u00e3o te deixam na m\u00e3o. Para caprichar ainda mais a produ\u00e7\u00e3o, nossa dica \u00e9 apostar em acess\u00f3rios para elevar o visual e deixar tudo mais interessante! Composi\u00e7\u00e3o: 100% Algod\u00e3o<\/p>\n","protected":false},"excerpt":{"rendered":"<p>Camiseta confeccionada em malha flam\u00ea de algod\u00e3o. A pe\u00e7a possui decote em V com acabamento simples, mangas curtas e caimento reto levemente acinturado. B\u00c1SICOS Os nossos B\u00e1sicos s\u00e3o os queridinhos do guarda-roupa, pois oferecem versatilidade na hora de se vestir. Do look despojado para um passeio no parque ou aquela reuni\u00e3o importante no trabalho, nossas [&hellip;]<\/p>\n","protected":false},"featured_media":32,"comment_status":"open","ping_status":"closed","template":"","meta":[],"product_cat":[15,23],"product_tag":[29,30],"jetpack_sharing_enabled":true,"_links":{"self":[{"href":"https:\/\/lojanova.webjowassessoriati.com.br\/index.php?rest_route=\/wp\/v2\/product\/46"}],"collection":[{"href":"https:\/\/lojanova.webjowassessoriati.com.br\/index.php?rest_route=\/wp\/v2\/product"}],"about":[{"href":"https:\/\/lojanova.webjowassessoriati.com.br\/index.php?rest_route=\/wp\/v2\/types\/product"}],"replies":[{"embeddable":true,"href":"https:\/\/lojanova.webjowassessoriati.com.br\/index.php?rest_route=%2Fwp%2Fv2%2Fcomments&post=46"}],"wp:featuredmedia":[{"embeddable":true,"href":"https:\/\/lojanova.webjowassessoriati.com.br\/index.php?rest_route=\/wp\/v2\/media\/32"}],"wp:attachment":[{"href":"https:\/\/lojanova.webjowassessoriati.com.br\/index.php?rest_route=%2Fwp%2Fv2%2Fmedia&parent=46"}],"wp:term":[{"taxonomy":"product_cat","embeddable":true,"href":"https:\/\/lojanova.webjowassessoriati.com.br\/index.php?rest_route=%2Fwp%2Fv2%2Fproduct_cat&post=46"},{"taxonomy":"product_tag","embeddable":true,"href":"https:\/\/lojanova.webjowassessoriati.com.br\/index.php?rest_route=%2Fwp%2Fv2%2Fproduct_tag&post=46"}],"curies":[{"name":"wp","href":"https:\/\/api.w.org\/{rel}","templated":true}]}}