{"id":518,"date":"2024-03-24T19:07:10","date_gmt":"2024-03-24T22:07:10","guid":{"rendered":"https:\/\/lojanova.webjowassessoriati.com.br\/?post_type=product&#038;p=518"},"modified":"2024-03-25T11:52:14","modified_gmt":"2024-03-25T14:52:14","slug":"jaqueta-feminina-bomber-blusadefrio-com-ziper-inverno-casaco-copia","status":"publish","type":"product","link":"https:\/\/lojanova.webjowassessoriati.com.br\/?product=jaqueta-feminina-bomber-blusadefrio-com-ziper-inverno-casaco-copia","title":{"rendered":"Jaqueta Feminina Bomber BlusadeFrio com Ziper Inverno Casaco (c\u00f3pia)"},"content":{"rendered":"<p>Jaqueta Feminina Bomber Blusa de Frio com Ziper Inverno Casaco<\/p>\n<p>&nbsp;<\/p>\n<p>As jaquetas femininas Bomber, \u00e9 perfeita para quem gosta de conforto e destaque, as blusas de frio possuem z\u00edper e listras deixando o visual mais estiloso e aut\u00eantico.<\/p>\n<p>&nbsp;<\/p>\n<p>Por esse motivo, os casacos de frio combinam com tudo, no inverno aposte nos jeans, cal\u00e7as Leggings, moletons, no outono use e abuse dos shorts. Tamb\u00e9m pode contar com outras combina\u00e7\u00f5es feitas com saias, t\u00eanis, botas, saltos e acess\u00f3rios, para completar um look perfeito.<\/p>\n<p>&nbsp;<\/p>\n<p>&#8211; Marca: Donna Martins<\/p>\n<p>&#8211; Modelo: Jaqueta Feminina Bomber blusa de Frio com Ziper com detalhes em listras nos Punhos e Gola Moda Outono Inverno<\/p>\n<p>&#8211; Material: Viscose 96% e Elastano 4%<\/p>\n<p>&#8211; Cor: V\u00e1rias cores<\/p>\n<p>&#8211; N\u00e3o possu\u00ed forro<\/p>\n<p>&#8211; Modelo Fotogr\u00e1fica Real:\u00a0As Jaquetas s\u00e3o id\u00eanticas a foto<\/p>\n<p>&#8211; Entrega r\u00e1pida: Correios<\/p>\n<p>&nbsp;<\/p>\n<p>N\u00f3s da loja Donna Martins. Trazemos o que h\u00e1 de mais atual e moderno no mundo da moda, priorizando sempre a qualidade e o conforto. Procuramos n\u00e3o apenas atender \u00e0s suas expectativas, mas super\u00e1-las.<\/p>\n<p>&nbsp;<\/p>\n<p>TAMANHOS:<\/p>\n<p>P:\u00a0 36<\/p>\n<p>M: 38<\/p>\n<p>G: 40 &#8211; 42<\/p>\n<p>GG:\u00a0 44<\/p>\n<p>&nbsp;<\/p>\n<p>SUGEST\u00c3O: Se voc\u00ea prefere jaquetas mais soltinhas no corpo, compre uma numera\u00e7\u00e3o maior.<\/p>\n<p>&nbsp;<\/p>\n<p>Fabricadas com tecido Matelass\u00ea, a composi\u00e7\u00e3o \u00e9 poli\u00e9ster e elastano\/lycra. Al\u00e9m de cl\u00e1ssico e bonito, o matelass\u00ea produz pe\u00e7as dur\u00e1veis, consiste no trabalho com pespontos superficiais e enchimento no meio da pe\u00e7a, formando desenhos e relevos, criando assim um efeito acolchoado. Sua constru\u00e7\u00e3o acontece de forma semelhante ao tric\u00f4, por isso fica mais el\u00e1stica e retorna a forma original, mesmo ap\u00f3s ser esticada.<\/p>\n<p>&nbsp;<\/p>\n<p>Por esse motivo \u00e9 resistente e ao mesmo tempo macio, n\u00e3o encolhe, n\u00e3o desbota a cor, mantem a cor viva, superconfort\u00e1vel, proporcionando assim, suavidade e leve<\/p>\n","protected":false},"excerpt":{"rendered":"<p>Jaqueta Feminina Bomber Blusa de Frio com Ziper Inverno Casaco &nbsp; As jaquetas femininas Bomber, \u00e9 perfeita para quem gosta de conforto e destaque, as blusas de frio possuem z\u00edper e listras deixando o visual mais estiloso e aut\u00eantico. &nbsp; Por esse motivo, os casacos de frio combinam com tudo, no inverno aposte nos jeans, [&hellip;]<\/p>\n","protected":false},"featured_media":560,"comment_status":"open","ping_status":"closed","template":"","meta":[],"product_cat":[15,31,50],"product_tag":[34,32,33],"jetpack_sharing_enabled":true,"_links":{"self":[{"href":"https:\/\/lojanova.webjowassessoriati.com.br\/index.php?rest_route=\/wp\/v2\/product\/518"}],"collection":[{"href":"https:\/\/lojanova.webjowassessoriati.com.br\/index.php?rest_route=\/wp\/v2\/product"}],"about":[{"href":"https:\/\/lojanova.webjowassessoriati.com.br\/index.php?rest_route=\/wp\/v2\/types\/product"}],"replies":[{"embeddable":true,"href":"https:\/\/lojanova.webjowassessoriati.com.br\/index.php?rest_route=%2Fwp%2Fv2%2Fcomments&post=518"}],"wp:featuredmedia":[{"embeddable":true,"href":"https:\/\/lojanova.webjowassessoriati.com.br\/index.php?rest_route=\/wp\/v2\/media\/560"}],"wp:attachment":[{"href":"https:\/\/lojanova.webjowassessoriati.com.br\/index.php?rest_route=%2Fwp%2Fv2%2Fmedia&parent=518"}],"wp:term":[{"taxonomy":"product_cat","embeddable":true,"href":"https:\/\/lojanova.webjowassessoriati.com.br\/index.php?rest_route=%2Fwp%2Fv2%2Fproduct_cat&post=518"},{"taxonomy":"product_tag","embeddable":true,"href":"https:\/\/lojanova.webjowassessoriati.com.br\/index.php?rest_route=%2Fwp%2Fv2%2Fproduct_tag&post=518"}],"curies":[{"name":"wp","href":"https:\/\/api.w.org\/{rel}","templated":true}]}}