{"id":519,"date":"2024-03-24T19:07:33","date_gmt":"2024-03-24T22:07:33","guid":{"rendered":"https:\/\/lojanova.webjowassessoriati.com.br\/?post_type=product&#038;p=519"},"modified":"2024-03-24T21:23:56","modified_gmt":"2024-03-25T00:23:56","slug":"blazer-feminino-de-alfaiataria-marinho-com-martingale-tifani-copia","status":"publish","type":"product","link":"https:\/\/lojanova.webjowassessoriati.com.br\/?product=blazer-feminino-de-alfaiataria-marinho-com-martingale-tifani-copia","title":{"rendered":"Blazer Feminino de Alfaiataria Marinho com Martingale Tifani (c\u00f3pia)"},"content":{"rendered":"<p>O Blazer \u00e9 uma pe\u00e7a cl\u00e1ssica atemporal e vers\u00e1til que voc\u00ea precisa ter no seu guarda-roupa. Confeccionado em tecido plano de alfaiataria na cor azul marinho, ele possui pences abaixo do busto que o acinturam, seu comprimento \u00e9 alinhado ao quadril e as mangas s\u00e3o de duas folhas, seu diferencial fica por conta do martingale nas mangas, que pode ser dobrada. Com gola blazer tradicional, a pe\u00e7a proporciona um shape alinhado e empoderado. Seu forro interno \u00e9 de cetim e proporciona toque sedoso, tornando a pe\u00e7a muito confort\u00e1vel. Al\u00e9m disso, possui ombreiras e feltros que d\u00e3o estrutura \u00e0 pe\u00e7a. Nas costas, conta com recorte princesa que favorece o efeito acinturado, al\u00e9m do mais, na gola \u00e9 aplicada placa de metal dourada personalizada.<br \/>\nComposi\u00e7\u00e3o: 95% Poli\u00e9ster, 5% Elastano. Forro: 97% Poli\u00e9ster, 3% Elastano.<\/p>\n","protected":false},"excerpt":{"rendered":"<p>O Blazer \u00e9 uma pe\u00e7a cl\u00e1ssica atemporal e vers\u00e1til que voc\u00ea precisa ter no seu guarda-roupa. Confeccionado em tecido plano de alfaiataria na cor azul marinho, ele possui pences abaixo do busto que o acinturam, seu comprimento \u00e9 alinhado ao quadril e as mangas s\u00e3o de duas folhas, seu diferencial fica por conta do martingale [&hellip;]<\/p>\n","protected":false},"featured_media":52,"comment_status":"open","ping_status":"closed","template":"","meta":[],"product_cat":[15,31,50],"product_tag":[34,32,33],"jetpack_sharing_enabled":true,"_links":{"self":[{"href":"https:\/\/lojanova.webjowassessoriati.com.br\/index.php?rest_route=\/wp\/v2\/product\/519"}],"collection":[{"href":"https:\/\/lojanova.webjowassessoriati.com.br\/index.php?rest_route=\/wp\/v2\/product"}],"about":[{"href":"https:\/\/lojanova.webjowassessoriati.com.br\/index.php?rest_route=\/wp\/v2\/types\/product"}],"replies":[{"embeddable":true,"href":"https:\/\/lojanova.webjowassessoriati.com.br\/index.php?rest_route=%2Fwp%2Fv2%2Fcomments&post=519"}],"wp:featuredmedia":[{"embeddable":true,"href":"https:\/\/lojanova.webjowassessoriati.com.br\/index.php?rest_route=\/wp\/v2\/media\/52"}],"wp:attachment":[{"href":"https:\/\/lojanova.webjowassessoriati.com.br\/index.php?rest_route=%2Fwp%2Fv2%2Fmedia&parent=519"}],"wp:term":[{"taxonomy":"product_cat","embeddable":true,"href":"https:\/\/lojanova.webjowassessoriati.com.br\/index.php?rest_route=%2Fwp%2Fv2%2Fproduct_cat&post=519"},{"taxonomy":"product_tag","embeddable":true,"href":"https:\/\/lojanova.webjowassessoriati.com.br\/index.php?rest_route=%2Fwp%2Fv2%2Fproduct_tag&post=519"}],"curies":[{"name":"wp","href":"https:\/\/api.w.org\/{rel}","templated":true}]}}