{"id":540,"date":"2024-03-24T21:41:24","date_gmt":"2024-03-25T00:41:24","guid":{"rendered":"https:\/\/lojanova.webjowassessoriati.com.br\/?post_type=product&#038;p=540"},"modified":"2024-03-25T16:28:17","modified_gmt":"2024-03-25T19:28:17","slug":"vestido-onca-animal","status":"publish","type":"product","link":"https:\/\/lojanova.webjowassessoriati.com.br\/?product=vestido-onca-animal","title":{"rendered":"Vestido On\u00e7a Animal"},"content":{"rendered":"<p>Vestido LOngo Animal on\u00e7a ver\u00e3o fresco com tecido fino, excelente para dia e noite!<\/p>\n","protected":false},"excerpt":{"rendered":"<p>Vestido LOngo Animal on\u00e7a ver\u00e3o fresco com tecido fino, excelente para dia e noite!<\/p>\n","protected":false},"featured_media":445,"comment_status":"open","ping_status":"closed","template":"","meta":[],"product_cat":[21],"product_tag":[55,54],"jetpack_sharing_enabled":true,"_links":{"self":[{"href":"https:\/\/lojanova.webjowassessoriati.com.br\/index.php?rest_route=\/wp\/v2\/product\/540"}],"collection":[{"href":"https:\/\/lojanova.webjowassessoriati.com.br\/index.php?rest_route=\/wp\/v2\/product"}],"about":[{"href":"https:\/\/lojanova.webjowassessoriati.com.br\/index.php?rest_route=\/wp\/v2\/types\/product"}],"replies":[{"embeddable":true,"href":"https:\/\/lojanova.webjowassessoriati.com.br\/index.php?rest_route=%2Fwp%2Fv2%2Fcomments&post=540"}],"wp:featuredmedia":[{"embeddable":true,"href":"https:\/\/lojanova.webjowassessoriati.com.br\/index.php?rest_route=\/wp\/v2\/media\/445"}],"wp:attachment":[{"href":"https:\/\/lojanova.webjowassessoriati.com.br\/index.php?rest_route=%2Fwp%2Fv2%2Fmedia&parent=540"}],"wp:term":[{"taxonomy":"product_cat","embeddable":true,"href":"https:\/\/lojanova.webjowassessoriati.com.br\/index.php?rest_route=%2Fwp%2Fv2%2Fproduct_cat&post=540"},{"taxonomy":"product_tag","embeddable":true,"href":"https:\/\/lojanova.webjowassessoriati.com.br\/index.php?rest_route=%2Fwp%2Fv2%2Fproduct_tag&post=540"}],"curies":[{"name":"wp","href":"https:\/\/api.w.org\/{rel}","templated":true}]}}